{"id":17,"date":"2023-01-25T15:25:28","date_gmt":"2023-01-25T15:25:28","guid":{"rendered":"https:\/\/mikatuovinen.net\/lahettajapiiri\/?page_id=17"},"modified":"2023-06-25T15:25:40","modified_gmt":"2023-06-25T15:25:40","slug":"lahjoitustiedot","status":"publish","type":"page","link":"https:\/\/mikatuovinen.net\/lahettajapiiri\/lahjoitustiedot\/","title":{"rendered":"Lahjoitustiedot (nettilomake, pankkitiedot, MobilePay)"},"content":{"rendered":"<p>Mission Europen ty\u00f6 perustuu vapaaehtoisiin lahjoituksiin ja erityisesti ty\u00f6ntekij\u00f6iden l\u00e4hett\u00e4j\u00e4piirien varaan.<\/p>\n<p><strong>My\u00f6s minun ty\u00f6ni j\u00e4rjest\u00f6n toiminnanjohtajana ja evankelistana.<\/strong><\/p>\n<p><strong>T\u00e4ll\u00e4 hetkell\u00e4 olen t\u00f6iss\u00e4 osa-toimisesti, sill\u00e4 kannatuksessa on viel\u00e4 vajausta. <\/strong><\/p>\n<p>Olet tervetullut kannattamaan joko <strong>yksitt\u00e4isell\u00e4 lahjalla<\/strong> tai <strong>kuukausittaisella lahjalla<\/strong>. Kuukausisopimukset voit tehd\u00e4 omassa verkkopankissasi.<\/p>\n<h3>Lahjoita netiss\u00e4<\/h3>\n<p>Voit lahjoittaa Mission Europen\/Mission tuen ty\u00f6lle vaikka heti verkkopankkisi v\u00e4lityksell\u00e4. T\u00e4m\u00e4 lomake vie sinut verkkopankkiisi, joten tarvitset pankkitunnuksesi lahjoitukseen. Lahjasi tuloutetaan Mission Europelle Paytrailin kautta.<\/p>\n<p><tpfonsv5externalform id=\"MissionEuropeDonation\"><\/tpfonsv5externalform><br \/>\n<script type=\"text\/javascript\">var tpfons_configuration_MissionEuropeDonation = {\"formtype\":\"donation\",\"startpage\":false,\"preStyled\":true,\"language\":\"fi\",\"header\":false,\"allowUnsafe\":false,\"strictValidation\":true,\"colour\":\"blue\",\"verbose\":false,\"pages\":[{\"pagetype\":\"form\",\"content\":[{\"type\":\"donation\",\"field\":\"buttons\",\"defaultValue\":50,\"buttons\":[{\"value\":20},{\"value\":30},{\"value\":50,\"popular\":true},{\"value\":100}],\"slider\":{\"start\":5,\"end\":200}},{\"type\":\"form\",\"field\":\"n\"},{\"type\":\"form\",\"field\":\"n2\"},{\"type\":\"form\",\"field\":\"c\"},{\"type\":\"form\",\"field\":\"c2\"},{\"type\":\"form\",\"field\":\"mc\"}]}],\"strings\":{\"button_submit\":\"LAHJOITA\"},\"donation\":{\"provider\":\"checkout\",\"hideInput\":false},\"loadImmediately\":true}<\/script><br \/>\n<script src=\"https:\/\/tpfons.fi\/missioneurope\/ext\/front\/form_engine.js\" type=\"text\/javascript\" form_id=\"MissionEuropeDonation\"><\/script><\/p>\n<h3>Anna kertalahjoitus tai tee kuukausilahjoitussopimus verkkopankissasi<\/h3>\n<p>Jos haluat tehd\u00e4 lahjoituksen itse nettipankissasi, t\u00e4ss\u00e4 on tiedot lahjoituksen tekemiseen:<\/p>\n<ul>\n<li><strong>Tili<\/strong>: FI19 8000 1400 5633 43<\/li>\n<li><strong>Saaja<\/strong>: Mission Europe Finland ry<\/li>\n<li><strong>Mikan viite<\/strong>: 8015<\/li>\n<\/ul>\n<h3>Uusi: Lahjoita MobilePayn kautta<\/h3>\n<p><img loading=\"lazy\" decoding=\"async\" src=\"https:\/\/mikatuovinen.net\/lahettajapiiri\/wp-content\/uploads\/2023\/06\/MobilePay_MikaTuovinen_MIssionEurope_lahjoitus-e1687706530770.png\" alt=\"\" width=\"1000\" height=\"278\" class=\"alignnone size-full wp-image-135\" srcset=\"https:\/\/mikatuovinen.net\/lahettajapiiri\/wp-content\/uploads\/2023\/06\/MobilePay_MikaTuovinen_MIssionEurope_lahjoitus-e1687706530770.png 1000w, https:\/\/mikatuovinen.net\/lahettajapiiri\/wp-content\/uploads\/2023\/06\/MobilePay_MikaTuovinen_MIssionEurope_lahjoitus-e1687706530770-300x83.png 300w, https:\/\/mikatuovinen.net\/lahettajapiiri\/wp-content\/uploads\/2023\/06\/MobilePay_MikaTuovinen_MIssionEurope_lahjoitus-e1687706530770-768x214.png 768w\" sizes=\"auto, (max-width: 1000px) 100vw, 1000px\" \/><br \/>\nKiitos lahjastasi!<\/p>\n<hr \/>\n<p>Rahanker\u00e4ysluvan tiedot Saaja: Mission Europe Finland ry. Rahanker\u00e4yslupa RA\/2023\/474 \/ 14.4.2023 alkaen toistaiseksi. Varat k\u00e4ytet\u00e4\u00e4n: Julistustapahtumiin, Raamatunopetusluentoihin ja -luentosarjoihin sek\u00e4 missiotoimintaan, joka koostuu seurakuntalaisten koulutuksesta, julistuksesta, kirjallisuuden jakamisesta ja diakoniatoiminnasta. KristusP\u00e4iv\u00e4 -prosessiin Euroopassa, Ven\u00e4j\u00e4ll\u00e4 ja kotimaassa sek\u00e4 ajankohtaisten toimintamallien kehittelyyn. Johtamisvalmennukseen hengellisen ty\u00f6n tekij\u00f6ille, kansainv\u00e4liseen vuorovaikutukseen ja sit\u00e4 koskevaan valmennukseen. Opiskelija- ja nuoriso-ty\u00f6h\u00f6n eri maissa, kansainv\u00e4lisiin opiskelija- ja nuorisotapahtumiin. Kansainv\u00e4liseen verkostoitumiseen, yhteisty\u00f6h\u00f6n ja projekteihin valmentaviin konferensseihin. Tiedotus- ja julkaisutoimintaan. Radion, TV:n ja internetin v\u00e4lityksell\u00e4 tapahtuva opetustoimintaan. Ker\u00e4tyill\u00e4 varoilla katetaan edell\u00e4 kerrottujen toimintojen aiheuttamia toiminta- ja matkakuluja, henkil\u00f6st\u00f6kuluja sek\u00e4 tapahtumien ja konferenssien j\u00e4rjestelyihin liittyvi\u00e4 kustannuksia silt\u00e4 osin kuin kustannukset aiheutuvat yksinomaan yleishy\u00f6dyllisest\u00e4 toiminnasta.<\/p>\n<p><img loading=\"lazy\" decoding=\"async\" class=\"alignnone size-full wp-image-71\" src=\"https:\/\/mikatuovinen.net\/lahettajapiiri\/wp-content\/uploads\/2023\/02\/Corrie-ten-Boom_Kiitos-etta-kutsuit-minut-tanne_Mika-Tuovinen.png\" alt=\"\" width=\"1920\" height=\"1080\" srcset=\"https:\/\/mikatuovinen.net\/lahettajapiiri\/wp-content\/uploads\/2023\/02\/Corrie-ten-Boom_Kiitos-etta-kutsuit-minut-tanne_Mika-Tuovinen.png 1920w, https:\/\/mikatuovinen.net\/lahettajapiiri\/wp-content\/uploads\/2023\/02\/Corrie-ten-Boom_Kiitos-etta-kutsuit-minut-tanne_Mika-Tuovinen-300x169.png 300w, https:\/\/mikatuovinen.net\/lahettajapiiri\/wp-content\/uploads\/2023\/02\/Corrie-ten-Boom_Kiitos-etta-kutsuit-minut-tanne_Mika-Tuovinen-1024x576.png 1024w, https:\/\/mikatuovinen.net\/lahettajapiiri\/wp-content\/uploads\/2023\/02\/Corrie-ten-Boom_Kiitos-etta-kutsuit-minut-tanne_Mika-Tuovinen-768x432.png 768w, https:\/\/mikatuovinen.net\/lahettajapiiri\/wp-content\/uploads\/2023\/02\/Corrie-ten-Boom_Kiitos-etta-kutsuit-minut-tanne_Mika-Tuovinen-1536x864.png 1536w\" sizes=\"auto, (max-width: 1920px) 100vw, 1920px\" \/><\/p>\n","protected":false},"excerpt":{"rendered":"<p>Mission Europen ty\u00f6 perustuu vapaaehtoisiin lahjoituksiin ja erityisesti ty\u00f6ntekij\u00f6iden l\u00e4hett\u00e4j\u00e4piirien varaan. My\u00f6s minun ty\u00f6ni j\u00e4rjest\u00f6n toiminnanjohtajana ja evankelistana. T\u00e4ll\u00e4 hetkell\u00e4 olen t\u00f6iss\u00e4 osa-toimisesti, sill\u00e4 kannatuksessa on viel\u00e4 vajausta. Olet tervetullut kannattamaan joko yksitt\u00e4isell\u00e4 lahjalla tai kuukausittaisella lahjalla. Kuukausisopimukset voit tehd\u00e4 omassa verkkopankissasi. Lahjoita netiss\u00e4 Voit lahjoittaa Mission Europen\/Mission tuen ty\u00f6lle vaikka heti verkkopankkisi v\u00e4lityksell\u00e4. T\u00e4m\u00e4 &#8230; <a title=\"Lahjoitustiedot (nettilomake, pankkitiedot, MobilePay)\" class=\"read-more\" href=\"https:\/\/mikatuovinen.net\/lahettajapiiri\/lahjoitustiedot\/\" aria-label=\"Lue lis\u00e4\u00e4 aiheesta Lahjoitustiedot (nettilomake, pankkitiedot, MobilePay)\">Lue lis\u00e4\u00e4<\/a><\/p>\n","protected":false},"author":1,"featured_media":0,"parent":0,"menu_order":0,"comment_status":"closed","ping_status":"closed","template":"","meta":{"footnotes":""},"class_list":["post-17","page","type-page","status-publish"],"jetpack_sharing_enabled":true,"_links":{"self":[{"href":"https:\/\/mikatuovinen.net\/lahettajapiiri\/wp-json\/wp\/v2\/pages\/17","targetHints":{"allow":["GET"]}}],"collection":[{"href":"https:\/\/mikatuovinen.net\/lahettajapiiri\/wp-json\/wp\/v2\/pages"}],"about":[{"href":"https:\/\/mikatuovinen.net\/lahettajapiiri\/wp-json\/wp\/v2\/types\/page"}],"author":[{"embeddable":true,"href":"https:\/\/mikatuovinen.net\/lahettajapiiri\/wp-json\/wp\/v2\/users\/1"}],"replies":[{"embeddable":true,"href":"https:\/\/mikatuovinen.net\/lahettajapiiri\/wp-json\/wp\/v2\/comments?post=17"}],"version-history":[{"count":29,"href":"https:\/\/mikatuovinen.net\/lahettajapiiri\/wp-json\/wp\/v2\/pages\/17\/revisions"}],"predecessor-version":[{"id":138,"href":"https:\/\/mikatuovinen.net\/lahettajapiiri\/wp-json\/wp\/v2\/pages\/17\/revisions\/138"}],"wp:attachment":[{"href":"https:\/\/mikatuovinen.net\/lahettajapiiri\/wp-json\/wp\/v2\/media?parent=17"}],"curies":[{"name":"wp","href":"https:\/\/api.w.org\/{rel}","templated":true}]}}